{"id":448,"date":"2024-09-22T17:33:28","date_gmt":"2024-09-22T20:33:28","guid":{"rendered":"https:\/\/estudioscarpinello.com.ar\/?post_type=product&#038;p=448"},"modified":"2025-06-04T21:43:32","modified_gmt":"2025-06-05T00:43:32","slug":"complejo-de-cabanas","status":"publish","type":"product","link":"https:\/\/estudioscarpinello.com.ar\/index.php\/producto\/complejo-de-cabanas\/","title":{"rendered":"Complejo de Caba\u00f1as"},"content":{"rendered":"<p><strong>Complejo de Caba\u00f1as en Venta<\/strong><\/p>\n<p>Ubicado sobre un terreno de 2000 m\u00b2, este encantador complejo incluye un chalet y dos caba\u00f1as, rodeados de amplios espacios verdes. Ofrece comodidad y tranquilidad en un entorno natural.<\/p>\n<p><strong>Caracter\u00edsticas Generales:<\/strong><\/p>\n<ul>\n<li>Tranquera \u00fanica de acceso al predio.<\/li>\n<li>Estacionamiento: 2 espacios para las caba\u00f1as y 1 espacio frente al chalet.<\/li>\n<li>5 tanques de agua de 1000 litros.<\/li>\n<\/ul>\n<h3><strong>A) Chalet<\/strong><\/h3>\n<ul>\n<li>Superficie: 100 m\u00b2<\/li>\n<li>Techo a dos aguas<\/li>\n<li>Galer\u00eda cubierta<\/li>\n<li>2 dormitorios<\/li>\n<li>1 ba\u00f1o<\/li>\n<li>Living, comedor y cocina integrados<\/li>\n<li>Espacios verdes y deck<\/li>\n<li>Precio: <strong>u$s 130.000<\/strong><\/li>\n<\/ul>\n<h3><strong>B) Caba\u00f1a de Troncos<\/strong><\/h3>\n<ul>\n<li>Superficie: 70 m\u00b2<\/li>\n<li>Construcci\u00f3n en troncos y terminaciones en seco<\/li>\n<li>Techo vivo<\/li>\n<li>Piscina (7 x 3 metros) con deck h\u00famedo, bomba, filtro y mangueras con barredor<\/li>\n<li>Deck seco, quincho y parrillero<\/li>\n<li>2 dormitorios<\/li>\n<li>Cocina, comedor y living integrados<\/li>\n<li>Ba\u00f1o y anteba\u00f1o<\/li>\n<li>Pesquera natural a cielo abierto<\/li>\n<li>Precio: <strong>u$s 65.000<\/strong><\/li>\n<\/ul>\n<h3><strong>C) Caba\u00f1a Estilo Mediterr\u00e1neo<\/strong><\/h3>\n<ul>\n<li>Superficie: 35 m\u00b2<\/li>\n<li>Techo de chapa a una agua<\/li>\n<li>Rodeada de espacios verdes<\/li>\n<li>1 dormitorio<\/li>\n<li>1 ba\u00f1o<\/li>\n<li>Cocina y comedor integrados<\/li>\n<li>Piscina hidro con bomba y filtro<\/li>\n<li>Parrillero y deck seco<\/li>\n<li>Precio: <strong>u$s 55.000<\/strong><\/li>\n<\/ul>\n<p><strong>Precio total del complejo:<\/strong> <strong>u$s 245.000<\/strong>&lt;\/!&#8211;more&#8211;&gt;<\/p>\n","protected":false},"excerpt":{"rendered":"<p>Lote de terreno bald\u00edo de 787.5 m\u00b2 ubicado en Villa San Javier del Lago, Calamuchita, C\u00f3rdoba. Ideal para proyectos residenciales, con f\u00e1cil acceso y vistas panor\u00e1micas.<\/p>\n","protected":false},"featured_media":723,"template":"","meta":{"_monsterinsights_skip_tracking":false,"_monsterinsights_sitenote_active":false,"_monsterinsights_sitenote_note":"","_monsterinsights_sitenote_category":0},"product_cat":[28],"product_tag":[],"class_list":{"0":"post-448","1":"product","2":"type-product","3":"status-publish","4":"has-post-thumbnail","6":"product_cat-lotes","8":"first","9":"onbackorder","10":"virtual","11":"purchasable","12":"product-type-simple"},"aioseo_notices":[],"_links":{"self":[{"href":"https:\/\/estudioscarpinello.com.ar\/index.php\/wp-json\/wp\/v2\/product\/448"}],"collection":[{"href":"https:\/\/estudioscarpinello.com.ar\/index.php\/wp-json\/wp\/v2\/product"}],"about":[{"href":"https:\/\/estudioscarpinello.com.ar\/index.php\/wp-json\/wp\/v2\/types\/product"}],"wp:featuredmedia":[{"embeddable":true,"href":"https:\/\/estudioscarpinello.com.ar\/index.php\/wp-json\/wp\/v2\/media\/723"}],"wp:attachment":[{"href":"https:\/\/estudioscarpinello.com.ar\/index.php\/wp-json\/wp\/v2\/media?parent=448"}],"wp:term":[{"taxonomy":"product_cat","embeddable":true,"href":"https:\/\/estudioscarpinello.com.ar\/index.php\/wp-json\/wp\/v2\/product_cat?post=448"},{"taxonomy":"product_tag","embeddable":true,"href":"https:\/\/estudioscarpinello.com.ar\/index.php\/wp-json\/wp\/v2\/product_tag?post=448"}],"curies":[{"name":"wp","href":"https:\/\/api.w.org\/{rel}","templated":true}]}}